{"id":723,"date":"2020-10-13T08:21:37","date_gmt":"2020-10-13T08:21:37","guid":{"rendered":"https:\/\/tennants.eu\/privacy-policy\/"},"modified":"2025-06-06T11:46:19","modified_gmt":"2025-06-06T11:46:19","slug":"datenschutz","status":"publish","type":"page","link":"https:\/\/tennants.eu\/de\/datenschutz\/","title":{"rendered":"Datenschutz"},"content":{"rendered":"<section class=\"l-section wpb_row height_large with_img\"><div class=\"l-section-img\" role=\"img\" aria-label=\"Bild\" data-img-width=\"1950\" data-img-height=\"600\" style=\"background-image: url(https:\/\/tennants.eu\/wp-content\/uploads\/2020\/10\/blog-banner.jpg);\"><\/div><div class=\"l-section-h i-cf\"><div class=\"g-cols vc_row via_flex valign_top type_default stacking_default\"><div class=\"vc_col-sm-12 wpb_column vc_column_container\"><div class=\"vc_column-inner\"><div class=\"wpb_wrapper\"><div class=\"wpb_text_column\"><div class=\"wpb_wrapper\"><h1 style=\"text-align: center;\">Datenschutz<\/h1>\n<\/div><\/div><\/div><\/div><\/div><\/div><\/div><\/section><section class=\"l-section wpb_row height_medium\"><div class=\"l-section-h i-cf\"><div class=\"g-cols vc_row via_flex valign_top type_default stacking_default\"><div class=\"vc_col-sm-12 wpb_column vc_column_container\"><div class=\"vc_column-inner\"><div class=\"wpb_wrapper\"><div class=\"wpb_text_column\"><div class=\"wpb_wrapper\"><p><strong>Haftungsausschluss<\/strong><br \/>\n<strong>1. Haftungsbeschr\u00e4nkung f\u00fcr eigene Inhalte<\/strong><br \/>\nDie Inhalte dieser Website werden mit gr\u00f6\u00dftm\u00f6glicher Sorgfalt erstellt. Der Anbieter \u00fcbernimmt jedoch keine Gew\u00e4hr f\u00fcr die Richtigkeit, Vollst\u00e4ndigkeit und Aktualit\u00e4t der bereitgestellten Inhalte. Die Nutzung der Inhalte der Website erfolgt auf eigene Gefahr des Nutzers. Mit der reinen Nutzung der Website des Anbieters kommt keinerlei Vertragsverh\u00e4ltnis zwischen dem Nutzer und dem Anbieter zustande.<br \/>\nGem\u00e4\u00df \u00a7 7 Abs. 1 TMG ist der Anbieter f\u00fcr eigene Inhalte auf diesen Seiten nach den allgemeinen Gesetzen verantwortlich. Der Anbieter ist nach den \u00a7\u00a7 8 \u2013 10 TMG jedoch nicht verpflichtet, \u00fcbermittelte oder gespeicherte fremde Informationen zu \u00fcberwachen. Sofern Teile oder einzelne Formulierungen dieses Textes der geltenden Rechtslage nicht, nicht mehr oder nicht vollst\u00e4ndig entsprechen sollten, bleiben die \u00fcbrigen Teile des Dokumentes in ihrem Inhalt und ihrer G\u00fcltigkeit davon unber\u00fchrt Ab dem Zeitpunkt der Kenntnis einer konkreten Rechtsverletzung erfolgt eine umgehende Entfernung dieser Inhalte durch den Anbieter. Eine diesbez\u00fcgliche Haftung kann erst ab dem Zeitpunkt der Kenntniserlangung \u00fcbernommen werden.<br \/>\n<strong><br \/>\n2. Haftungsbeschr\u00e4nkung f\u00fcr externe Links<\/strong><br \/>\nDiese Website enth\u00e4lt Verkn\u00fcpfungen zu Websites Dritter (\u201eexterne Links\u201c). Diese Websites unterliegen der Haftung der jeweiligen Betreiber. Der Anbieter hat bei der erstmaligen Verkn\u00fcpfung der externen Links die fremden Inhalte daraufhin \u00fcberpr\u00fcft, ob etwaige Rechtsverst\u00f6\u00dfe bestehen. Zu dem Zeitpunkt waren keine Rechtsverst\u00f6\u00dfe ersichtlich. Der Anbieter hat keinerlei Einfluss auf die aktuelle und zuk\u00fcnftige Gestaltung und auf die Inhalte der verkn\u00fcpften Seiten. Das Setzen von externen Links bedeutet nicht, dass sich der Anbieter die hinter dem Verweis oder Link liegenden Inhalte zu Eigen macht. Eine st\u00e4ndige Kontrolle der externen Links ist f\u00fcr den Anbieter ohne konkrete Hinweise auf Rechtsverst\u00f6\u00dfe nicht zumutbar. Bei Kenntnis von Rechtsver\u00adst\u00f6\u00dfen werden jedoch derartige externe Links unverz\u00fcglich gel\u00f6scht.<br \/>\n<strong><br \/>\n3. Urheber- und Leistungsschutzrechte<\/strong><br \/>\nDie auf dieser Website ver\u00f6ffentlichten Inhalte unterliegen dem deutschen Urheber- und Leistungsschutzrecht. Jede vom deutschen Urheber- und Leistungsschutzrecht nicht zugelassene Verwertung bedarf der vorherigen schriftlichen Zustimmung des Anbieters oder jeweiligen Rechteinhabers. Dies gilt insbesondere f\u00fcr Vervielf\u00e4ltigung, Bearbeitung, \u00dcbersetzung, Einspeiche\u00adrung, Verarbeitung bzw. Wiedergabe von Inhalten in Datenbanken oder anderen elektronischen Medien und Systemen. Inhalte und Rechte Dritter sind dabei als solche gekennzeichnet. Die unerlaubte Vervielf\u00e4ltigung oder Weitergabe einzelner Inhalte oder kompletter Seiten ist nicht gestattet und strafbar. Lediglich die Herstellung von Kopien und Downloads f\u00fcr den pers\u00f6nlichen, privaten und nicht kommerziellen Gebrauch ist erlaubt<\/p>\n<p><strong>4. Datenschutz<\/strong><\/p>\n<p><strong>4a<\/strong>\u00a0<strong>Datenschutzbeauftragter<\/strong><\/p>\n<p>Bei Fragen zum Datenschutz steht Ihnen unser<span>\u00a0<\/span><a href=\"https:\/\/www.erpit-service.de\/\">Datenschutzbeauftragter<\/a><span>\u00a0<\/span>Herr Alfred Leingang, gerne zur Verf\u00fcgung.<br \/>\nDieser ist erreichbar unter:<br \/>\nERP &amp; IT Service GmbH, Sundernweg 8, D-33649 Bielefeld &#8211;\u00a0<a href=\"mailto:Info@erpit-service.de\">Info@erpit-service.de<\/a><\/p>\n<p>Nachfolgend finden Sie Informationen, welche personenbezogenen Daten (dies sind alle Daten, die Sie als nat\u00fcrliche Person (im Folgenden \u201ebetroffene Person\u201c) identifizieren oder identifizierbar machen, wie z.B. Name, Anschrift, E-Mail-Adresse oder auch das Nutzerverhalten) wir w\u00e4hrend Ihres Besuchs auf unserer Seite erfassen und wie diese genutzt werden. Betroffene Personen sind die Besucher unserer Webseite und Nutzer unseres Onlineangebotes.<\/p>\n<p><strong>4b Allgemeine Angaben und Rechtsgrundlagen<\/strong><br \/>\nWir nehmen den Schutz pers\u00f6nlicher Daten sehr ernst und halten uns an die einschl\u00e4gigen gesetzlichen Vorschriftengem\u00e4\u00df Bundesdatenschutzgesetz und Telemediengesetzes. Die nachfolgende Erkl\u00e4rung informiert Sie dar\u00fcber, welche Art von personenbezogenen Daten zu welchem Zweck auf dieser Webseite erhoben werden und in welchem Ma\u00dfe diese Daten Dritten zug\u00e4nglich gemacht werden.<br \/>\nDer Anbieter weist ausdr\u00fccklich darauf hin, dass die Daten\u00fcbertragung im Internet (z.B. bei der Kommunikation per E-Mail) Sicherheitsl\u00fccken aufweisen und nicht l\u00fcckenlos vor dem Zugriff durch Dritte gesch\u00fctzt werden kann.<\/p>\n<p><strong>4c Werbung<\/strong><br \/>\nDie Verwendung der Kontaktdaten des Impressums zur gewerblichen Werbung ist ausdr\u00fccklich nicht erw\u00fcnscht, es sei denn der Anbieter hatte zuvor seine schriftliche Einwilligung erteilt oder es besteht bereits eine Gesch\u00e4ftsbeziehung. Der Anbieter und alle auf dieser Website genannten Personen widersprechen hiermit jeder kommerziellen Verwendung und Weitergabe ihrer Daten.<br \/>\nDer Anbieter beh\u00e4lt sich rechtliche Schritte f\u00fcr den Fall der unverlang\u00adten Zusendung von Werbeinformationen, z. B. durch Spam-Mails, vor.<\/p>\n<p><strong>4d Vertragliche Verarbeitung<\/strong><br \/>\nDie von Ihnen zur Verf\u00fcgung gestellten personenbezogenen Daten, wie z.B. Name, Adresse oder E-Mail-Adresse werden nur intern verwendet, um Ihre Anfragen zu beantworten, Ihre Auftr\u00e4ge zu bearbeiten oder Ihnen Zugang zu bestimmten Informationen zu verschaffen.<\/p>\n<p><strong>4e Umgang mit Kontaktdaten<\/strong><br \/>\nNehmen Sie mit dem Websitebetreiber durch die Angebotenen Kontaktm\u00f6glichkeiten Verbindung auf, werden Ihre Angaben von uns gespeichert, damit auf diese zur Bearbeitung und Beantwortung Ihrer Anfrage zur\u00fcck gegriffen werden kann.<\/p>\n<p><strong>4f Weitergabe der Daten an Dritte \/ Zweck\u00e4nderung<\/strong><br \/>\nWir geben Daten an Dritte weiter, wenn dies zur Vertragserf\u00fcllung notwendig ist und \/ oder wir im Einzelfall dazu gesetzlich verpflichtet sind.<\/p>\n<p><strong>4g Welche nicht personenbezogenen Daten erhebt die Tennants GmbH w\u00e4hrend Ihres Besuchs auf unsereren Internetseiten?<\/strong><strong><br \/>\n<\/strong>Bei jedem Zugriff eines Nutzers auf unsere Website, d. h. bei jedem Abruf oder Versuch eines Abrufs einer Datei auf diesem Server, werden Daten \u00fcber diesen Vorgang in einer Protokolldatei gespeichert (Logfile). Diese Daten sind nicht personenbezogen; wir k\u00f6nnen daher in der Regel nicht nachvollziehen, welcher Nutzer welche Daten abgerufen hat und versuchen auch nicht, diese Informationen zu erheben.<br \/>\nBei jedem Abruf wird im Einzelnen folgender Datensatz gespeichert:<\/p>\n<ul>\n<li>IP-Adresse (ggf. personenbezogen)<\/li>\n<li>Name der abgerufenen Datei<\/li>\n<li>Datum und Uhrzeit des Abrufs<\/li>\n<li>\u00fcbertragene Datenmenge<\/li>\n<li>Meldung, ob der Abruf erfolgreich war<\/li>\n<li>Meldung, warum ein Abruf ggf. fehlgeschlagen ist<\/li>\n<li>der Name Ihres Internet Service Providers<\/li>\n<li>Browserinformationen (z. B. Browserart, Bildschirmaufl\u00f6sung)<\/li>\n<li>Betriebssystem<\/li>\n<li>Website, von der aus Sie uns besuchen.<\/li>\n<\/ul>\n<p><strong>Diese Daten k\u00f6nnen wir in der Regel nicht bestimmten Personen zuordnen. Eine Zusammenf\u00fchrung dieser Daten mit anderen Daten<\/strong><strong>q<\/strong><strong>uellen wird nicht vorgenommen. Die Daten werden in regelm\u00e4\u00dfigen Abst\u00e4nden gel\u00f6scht. Daten, deren weitere Aufbewahrung zu Beweiszwecken erforderlich ist, sind bis zur endg\u00fcltigen Kl\u00e4rung des jeweiligen Vorfalls von der L\u00f6schung ausgenommen.<\/strong><\/p>\n<p><strong>4h<\/strong><strong>\u00a0Rechte des Nutzers: Auskunft, Berichtigung, und L\u00f6schung<\/strong><br \/>\nSie als Nutzer erhalten auf Antrag Ihrerseits kostenlos Auskunft dar\u00fcber, welche\u00a0 personenbezogenen Daten \u00fcber sie gespeichert wurden. Sofern Ihr Wunsch nicht mit einer gesetzlichen Pflicht zur Aufbewahrung von Daten (z.B. Vorratsdatenspeicherung) kollidiert, haben Sie ein Anrecht auf Berichtigung falscher Daten und auf die Sperrung oder L\u00f6schung Ihrer personenbezogenen Daten. Dieses Recht k\u00f6nnen Sie jederzeit geltend machen. Senden Sie hierzu eine Anfrage per E-Mail und verwenden Sie bitte in der Betreffzeile den Betreff \u201cDatenschutz\u201d.<\/p>\n<\/div><\/div><\/div><\/div><\/div><\/div><\/div><\/section>\n","protected":false},"excerpt":{"rendered":"Datenschutz Haftungsausschluss 1. Haftungsbeschr\u00e4nkung f\u00fcr eigene Inhalte Die Inhalte dieser Website werden mit gr\u00f6\u00dftm\u00f6glicher Sorgfalt erstellt. Der Anbieter \u00fcbernimmt jedoch keine Gew\u00e4hr f\u00fcr die Richtigkeit, Vollst\u00e4ndigkeit und Aktualit\u00e4t der bereitgestellten Inhalte. Die Nutzung der Inhalte der Website erfolgt auf eigene Gefahr des Nutzers. Mit der reinen Nutzung der Website des Anbieters kommt keinerlei Vertragsverh\u00e4ltnis zwischen...","protected":false},"author":1,"featured_media":0,"parent":0,"menu_order":100,"comment_status":"closed","ping_status":"closed","template":"","meta":{"_acf_changed":false,"footnotes":""},"class_list":["post-723","page","type-page","status-publish","hentry"],"acf":[],"_links":{"self":[{"href":"https:\/\/tennants.eu\/de\/wp-json\/wp\/v2\/pages\/723","targetHints":{"allow":["GET"]}}],"collection":[{"href":"https:\/\/tennants.eu\/de\/wp-json\/wp\/v2\/pages"}],"about":[{"href":"https:\/\/tennants.eu\/de\/wp-json\/wp\/v2\/types\/page"}],"author":[{"embeddable":true,"href":"https:\/\/tennants.eu\/de\/wp-json\/wp\/v2\/users\/1"}],"replies":[{"embeddable":true,"href":"https:\/\/tennants.eu\/de\/wp-json\/wp\/v2\/comments?post=723"}],"version-history":[{"count":2,"href":"https:\/\/tennants.eu\/de\/wp-json\/wp\/v2\/pages\/723\/revisions"}],"predecessor-version":[{"id":827,"href":"https:\/\/tennants.eu\/de\/wp-json\/wp\/v2\/pages\/723\/revisions\/827"}],"wp:attachment":[{"href":"https:\/\/tennants.eu\/de\/wp-json\/wp\/v2\/media?parent=723"}],"curies":[{"name":"wp","href":"https:\/\/api.w.org\/{rel}","templated":true}]}}