{"id":462,"date":"2020-10-13T08:31:09","date_gmt":"2020-10-13T08:31:09","guid":{"rendered":"https:\/\/tennants.eu\/news\/"},"modified":"2022-08-08T13:35:11","modified_gmt":"2022-08-08T13:35:11","slug":"news","status":"publish","type":"page","link":"https:\/\/tennants.eu\/de\/news\/","title":{"rendered":"News"},"content":{"rendered":"<section class=\"l-section wpb_row height_large with_img\"><div class=\"l-section-img\" role=\"img\" aria-label=\"Bild\" data-img-width=\"1950\" data-img-height=\"600\" style=\"background-image: url(https:\/\/tennants.eu\/wp-content\/uploads\/2020\/10\/blog-banner.jpg);\"><\/div><div class=\"l-section-h i-cf\"><div class=\"g-cols vc_row via_flex valign_top type_default stacking_default\"><div class=\"vc_col-sm-12 wpb_column vc_column_container\"><div class=\"vc_column-inner\"><div class=\"wpb_wrapper\"><div class=\"wpb_text_column\"><div class=\"wpb_wrapper\"><h1 style=\"text-align: center;\">News<\/h1>\n<\/div><\/div><\/div><\/div><\/div><\/div><\/div><\/section><section class=\"l-section wpb_row height_medium\"><div class=\"l-section-h i-cf\"><div class=\"g-cols vc_row via_flex valign_top type_default stacking_default\"><div class=\"vc_col-sm-12 wpb_column vc_column_container\"><div class=\"vc_column-inner\"><div class=\"wpb_wrapper\"><div class=\"w-grid us_grid type_grid layout_289 cols_2 preload_style_spinner\" id=\"us_grid_1\" style=\"--columns:2;--gap:1.5rem;\" data-filterable=\"true\"><style>@media (max-width:600px){#us_grid_1{--columns:1!important}}.layout_289 .w-grid-item-h{}.layout_289 .usg_post_title_1{font-size:1.4rem!important;margin-bottom:0.5rem!important}.layout_289 .usg_hwrapper_1{color:var(--color-content-faded)!important;font-size:0.9rem!important}.layout_289 .usg_post_content_1{margin-top:0.5rem!important}.layout_289 .usg_btn_1{margin-top:1.5rem!important}<\/style><div class=\"w-grid-list\">\t<article class=\"w-grid-item size_1x1 post-779 post type-post status-publish format-standard hentry category-analytik category-biozide category-mikrobielle-kontrolle\" data-id=\"779\">\r\n\t\t<div class=\"w-grid-item-h\">\r\n\t\t\t\t\t\t<h2 class=\"w-post-elm post_title usg_post_title_1 entry-title color_link_inherit\"><a href=\"https:\/\/tennants.eu\/de\/lanxess-und-tennants-kooperation-fuer-effizientere-betriebshygiene\/\">LANXESS und Tennants: Kooperation f\u00fcr effizientere Betriebshygiene<\/a><\/h2><div class=\"w-hwrapper usg_hwrapper_1 has_text_color align_left valign_top wrap\"><time class=\"w-post-elm post_date usg_post_date_1 entry-date published\" datetime=\"2023-10-25T13:26:37+00:00\"><i class=\"far fa-clock\"><\/i>Oktober 25, 2023<\/time><div class=\"w-post-elm post_taxonomy usg_post_taxonomy_1 style_simple color_link_inherit\"><i class=\"far fa-folder-open\"><\/i><a class=\"term-37 term-analytik\" href=\"https:\/\/tennants.eu\/de\/category\/analytik\/\"><span class=\"w-btn-label\">Analytik<\/span><\/a><b>, <\/b><a class=\"term-39 term-biozide\" href=\"https:\/\/tennants.eu\/de\/category\/biozide\/\"><span class=\"w-btn-label\">Biozide<\/span><\/a><b>, <\/b><a class=\"term-38 term-mikrobielle-kontrolle\" href=\"https:\/\/tennants.eu\/de\/category\/mikrobielle-kontrolle\/\"><span class=\"w-btn-label\">Mikrobielle Kontrolle<\/span><\/a><\/div><\/div><div class=\"w-post-elm post_content usg_post_content_1\">LANXESS und Tennants: Kooperation f\u00fcr effizientere Betriebshygiene Biozid-Anbieter und global agierendes Technologie-Unternehmen beschlie\u00dfen langfristige Zusammenarbeit ATP-Technologie in Kombination mit optimiertem Biozideinsatz spart Kosten und verbessert Betriebshygiene Kundenorientierte L\u00f6sungen f\u00fcr die&hellip;<\/div><a class=\"w-btn us-btn-style_1 usg_btn_1\" href=\"https:\/\/tennants.eu\/de\/lanxess-und-tennants-kooperation-fuer-effizientere-betriebshygiene\/\"><span class=\"w-btn-label\">Read More<\/span><\/a>\t\t<\/div>\r\n\t\t\t<\/article>\r\n<\/div>\t<div class=\"w-grid-preloader\">\r\n\t\t<div class=\"g-preloader type_1\">\r\n\t\t\t<div><\/div>\r\n\t\t<\/div>\r\n\t<\/div>\r\n\t\t<div class=\"w-grid-json hidden\" onclick='return {&quot;action&quot;:&quot;us_ajax_grid&quot;,&quot;infinite_scroll&quot;:0,&quot;max_num_pages&quot;:1,&quot;pagination&quot;:&quot;none&quot;,&quot;template_vars&quot;:{&quot;columns&quot;:&quot;2&quot;,&quot;exclude_items&quot;:&quot;none&quot;,&quot;img_size&quot;:&quot;default&quot;,&quot;ignore_items_size&quot;:0,&quot;items_layout&quot;:&quot;289&quot;,&quot;items_offset&quot;:&quot;1&quot;,&quot;load_animation&quot;:&quot;none&quot;,&quot;overriding_link&quot;:&quot;{\\&quot;url\\&quot;:\\&quot;\\&quot;}&quot;,&quot;post_id&quot;:0,&quot;query_args&quot;:{&quot;post_type&quot;:[&quot;post&quot;],&quot;post_status&quot;:[&quot;publish&quot;,&quot;acf-disabled&quot;],&quot;posts_per_page&quot;:&quot;10&quot;},&quot;orderby_query_args&quot;:{&quot;orderby&quot;:{&quot;date&quot;:&quot;DESC&quot;}},&quot;type&quot;:&quot;grid&quot;,&quot;us_grid_post_type&quot;:&quot;post&quot;,&quot;us_grid_ajax_index&quot;:1,&quot;us_grid_filter_query_string&quot;:null,&quot;us_grid_index&quot;:1,&quot;page_args&quot;:[],&quot;lang&quot;:&quot;de&quot;}}'><\/div>\r\n\t<\/div><\/div><\/div><\/div><\/div><\/div><\/section>\n","protected":false},"excerpt":{"rendered":"LANXESS und Tennants: Kooperation f\u00fcr effizientere Betriebshygiene Biozid-Anbieter und global agierendes Technologie-Unternehmen beschlie\u00dfen langfristige Zusammenarbeit ATP-Technologie in Kombination mit optimiertem Biozideinsatz spart Kosten und verbessert Betriebshygiene Kundenorientierte L\u00f6sungen f\u00fcr die Farben-, Lack- und Polymerindustrie K\u00f6ln, 21. September 2023 \u2013 LANXESS, einer der weltweit gr\u00f6\u00dften Anbieter f\u00fcr antimikrobielle Schutzprodukte, und die Tennants GmbH haben eine strategische...","protected":false},"author":1,"featured_media":0,"parent":0,"menu_order":30,"comment_status":"closed","ping_status":"closed","template":"","meta":{"_acf_changed":false,"footnotes":""},"class_list":["post-462","page","type-page","status-publish","hentry"],"acf":[],"_links":{"self":[{"href":"https:\/\/tennants.eu\/de\/wp-json\/wp\/v2\/pages\/462","targetHints":{"allow":["GET"]}}],"collection":[{"href":"https:\/\/tennants.eu\/de\/wp-json\/wp\/v2\/pages"}],"about":[{"href":"https:\/\/tennants.eu\/de\/wp-json\/wp\/v2\/types\/page"}],"author":[{"embeddable":true,"href":"https:\/\/tennants.eu\/de\/wp-json\/wp\/v2\/users\/1"}],"replies":[{"embeddable":true,"href":"https:\/\/tennants.eu\/de\/wp-json\/wp\/v2\/comments?post=462"}],"version-history":[{"count":1,"href":"https:\/\/tennants.eu\/de\/wp-json\/wp\/v2\/pages\/462\/revisions"}],"predecessor-version":[{"id":707,"href":"https:\/\/tennants.eu\/de\/wp-json\/wp\/v2\/pages\/462\/revisions\/707"}],"wp:attachment":[{"href":"https:\/\/tennants.eu\/de\/wp-json\/wp\/v2\/media?parent=462"}],"curies":[{"name":"wp","href":"https:\/\/api.w.org\/{rel}","templated":true}]}}