{"id":458,"date":"2020-10-13T11:59:55","date_gmt":"2020-10-13T11:59:55","guid":{"rendered":"https:\/\/tennants.eu\/faq\/"},"modified":"2022-08-08T13:14:26","modified_gmt":"2022-08-08T13:14:26","slug":"faq","status":"publish","type":"page","link":"https:\/\/tennants.eu\/de\/faq\/","title":{"rendered":"FAQ"},"content":{"rendered":"<section class=\"l-section wpb_row height_large with_img\"><div class=\"l-section-img\" role=\"img\" aria-label=\"Bild\" data-img-width=\"1950\" data-img-height=\"600\" style=\"background-image: url(https:\/\/tennants.eu\/wp-content\/uploads\/2020\/10\/blog-banner.jpg);\"><\/div><div class=\"l-section-h i-cf\"><div class=\"g-cols vc_row via_flex valign_top type_default stacking_default\"><div class=\"vc_col-sm-12 wpb_column vc_column_container\"><div class=\"vc_column-inner\"><div class=\"wpb_wrapper\"><div class=\"wpb_text_column\"><div class=\"wpb_wrapper\"><h1 style=\"text-align: center;\">FAQ<\/h1>\n<\/div><\/div><\/div><\/div><\/div><\/div><\/div><\/section><section class=\"l-section wpb_row height_medium\"><div class=\"l-section-h i-cf\"><div class=\"g-cols vc_row via_flex valign_top type_default stacking_default\"><div class=\"vc_col-sm-12 wpb_column vc_column_container\"><div class=\"vc_column-inner\"><div class=\"wpb_wrapper\"><div class=\"w-tabs us_custom_ef7ce23f style_default switch_click accordion has_scrolling\" style=\"--sections-title-size:1.2rem\"><div class=\"w-tabs-sections titles-align_none icon_plus cpos_left\"><div class=\"w-tabs-section\" id=\"t0b2\"><button class=\"w-tabs-section-header\" aria-controls=\"content-t0b2\" aria-expanded=\"false\"><div class=\"w-tabs-section-title\">Was ist Tennants?<\/div><div class=\"w-tabs-section-control\"><\/div><\/button><div  class=\"w-tabs-section-content\" id=\"content-t0b2\"><div class=\"w-tabs-section-content-h i-cf\"><div class=\"wpb_text_column\"><div class=\"wpb_wrapper\"><p>Tennants ist ein Distributionsunternehmen, das spezialisierte Produkte, Dienstleistungen und Kompetenzen f\u00fcr die Polymerchemikalien verarbeitende Industrie anbietet. Dies sind die Hersteller von Farben, Beschichtungen, Druckfarben, Kunststoffen, Textilien, Klebstoffen und Papier.<\/p>\n<\/div><\/div><\/div><\/div><\/div><div class=\"w-tabs-section\" id=\"i312\"><button class=\"w-tabs-section-header\" aria-controls=\"content-i312\" aria-expanded=\"false\"><div class=\"w-tabs-section-title\">Wer sind die Eigent\u00fcmer von Tennants?<\/div><div class=\"w-tabs-section-control\"><\/div><\/button><div  class=\"w-tabs-section-content\" id=\"content-i312\"><div class=\"w-tabs-section-content-h i-cf\"><div class=\"wpb_text_column\"><div class=\"wpb_wrapper\"><p>Tennants ist im Besitz von Tennants Distribution Ltd, einer direkten Tochtergesellschaft von Tennants Consolidated Ltd.<\/p>\n<\/div><\/div><\/div><\/div><\/div><div class=\"w-tabs-section\" id=\"i540\"><button class=\"w-tabs-section-header\" aria-controls=\"content-i540\" aria-expanded=\"false\"><div class=\"w-tabs-section-title\">Wo befindet sich der Standort von Tennants?<\/div><div class=\"w-tabs-section-control\"><\/div><\/button><div  class=\"w-tabs-section-content\" id=\"content-i540\"><div class=\"w-tabs-section-content-h i-cf\"><div class=\"wpb_text_column\"><div class=\"wpb_wrapper\"><p>Tennants B\u00fcros sind in:<br \/>\nHauptstrasse 81, 33647 Bielefeld, Germany<br \/>\nTel. +49 521 &#8211; 417 3 50, fax +49 521 &#8211; 417 35 15<\/p>\n<p>Immeuble le Minnesota\u00a0 &#8211;\u00a0 All\u00e9e Rosa Luxemburg,\u00a0 95610 ERAGNY<br \/>\nBP 50310, 95617 Cergy-Pontoise CEDEX, France<br \/>\nTel. + 33 1 30 &#8211; 17 42 90<\/p>\n<p>Mikboomweg 4, 5674 XG Nuenen, Netherlands<br \/>\nTel. +31 40 &#8211; 283 91 53<\/p>\n<\/div><\/div><\/div><\/div><\/div><div class=\"w-tabs-section\" id=\"m74d\"><button class=\"w-tabs-section-header\" aria-controls=\"content-m74d\" aria-expanded=\"false\"><div class=\"w-tabs-section-title\">Auf welchen M\u00e4rkten ist Tennants t\u00e4tig?<\/div><div class=\"w-tabs-section-control\"><\/div><\/button><div  class=\"w-tabs-section-content\" id=\"content-m74d\"><div class=\"w-tabs-section-content-h i-cf\"><div class=\"wpb_text_column\"><div class=\"wpb_wrapper\"><p>Tennants vertreibt Produkte und ber\u00e4t die M\u00e4rkte f\u00fcr Beschichtungen, Druckfarben, Klebstoffe, Textilien, Kunststoffe und Papier.<\/p>\n<\/div><\/div><\/div><\/div><\/div><div class=\"w-tabs-section\" id=\"h957\"><button class=\"w-tabs-section-header\" aria-controls=\"content-h957\" aria-expanded=\"false\"><div class=\"w-tabs-section-title\">Warum sollte Tennants Ihr bevorzugter Lieferant sein?<\/div><div class=\"w-tabs-section-control\"><\/div><\/button><div  class=\"w-tabs-section-content\" id=\"content-h957\"><div class=\"w-tabs-section-content-h i-cf\"><div class=\"wpb_text_column\"><div class=\"wpb_wrapper\"><p>Tennants bietet eine breite Palette von Hochleistungschemikalien sowie eine fachliche Beratung durch gut ausgebildete, erfahrene Mitarbeiter zu einem optimalen Preis-Leistungs-Verh\u00e4ltnis.<\/p>\n<\/div><\/div><\/div><\/div><\/div><div class=\"w-tabs-section\" id=\"vb1d\"><button class=\"w-tabs-section-header\" aria-controls=\"content-vb1d\" aria-expanded=\"false\"><div class=\"w-tabs-section-title\">Wie kann man mit den entsprechenden Organisationen und Institutionen in Kontakt treten?<\/div><div class=\"w-tabs-section-control\"><\/div><\/button><div  class=\"w-tabs-section-content\" id=\"content-vb1d\"><div class=\"w-tabs-section-content-h i-cf\"><div class=\"wpb_text_column\"><div class=\"wpb_wrapper\"><p>Eine Liste mit Empfehlungen finden Sie, wenn Sie auf <a href=\"https:\/\/tennants.eu\/de\/contact\/\" target=\"_blank\" rel=\"noopener\">Kontakt<\/a>\u00a0klicken.<\/p>\n<\/div><\/div><\/div><\/div><\/div><div class=\"w-tabs-section\" id=\"oce5\"><button class=\"w-tabs-section-header\" aria-controls=\"content-oce5\" aria-expanded=\"false\"><div class=\"w-tabs-section-title\">Wie lauten die Allgemeinen Gesch\u00e4ftsbedingungen (AGB) von Tennants?<\/div><div class=\"w-tabs-section-control\"><\/div><\/button><div  class=\"w-tabs-section-content\" id=\"content-oce5\"><div class=\"w-tabs-section-content-h i-cf\"><div class=\"wpb_text_column\"><div class=\"wpb_wrapper\"><p>Unsere <a href=\"https:\/\/tennants.eu\/de\/about-us\/general-conditions\/\" target=\"_blank\" rel=\"noopener\">Allgemeine Gesch\u00e4ftsbedingungen (AGB)<\/a> finden Sie unter \u00dcber uns.<\/p>\n<\/div><\/div><\/div><\/div><\/div><\/div><\/div><\/div><\/div><\/div><\/div><\/div><\/section>\n","protected":false},"excerpt":{"rendered":"FAQ Was ist Tennants?Tennants ist ein Distributionsunternehmen, das spezialisierte Produkte, Dienstleistungen und Kompetenzen f\u00fcr die Polymerchemikalien verarbeitende Industrie anbietet. Dies sind die Hersteller von Farben, Beschichtungen, Druckfarben, Kunststoffen, Textilien, Klebstoffen und Papier. Wer sind die Eigent\u00fcmer von Tennants?Tennants ist im Besitz von Tennants Distribution Ltd, einer direkten Tochtergesellschaft von Tennants Consolidated Ltd. Wo befindet sich...","protected":false},"author":1,"featured_media":0,"parent":0,"menu_order":0,"comment_status":"closed","ping_status":"closed","template":"","meta":{"_acf_changed":false,"footnotes":""},"class_list":["post-458","page","type-page","status-publish","hentry"],"acf":[],"_links":{"self":[{"href":"https:\/\/tennants.eu\/de\/wp-json\/wp\/v2\/pages\/458","targetHints":{"allow":["GET"]}}],"collection":[{"href":"https:\/\/tennants.eu\/de\/wp-json\/wp\/v2\/pages"}],"about":[{"href":"https:\/\/tennants.eu\/de\/wp-json\/wp\/v2\/types\/page"}],"author":[{"embeddable":true,"href":"https:\/\/tennants.eu\/de\/wp-json\/wp\/v2\/users\/1"}],"replies":[{"embeddable":true,"href":"https:\/\/tennants.eu\/de\/wp-json\/wp\/v2\/comments?post=458"}],"version-history":[{"count":6,"href":"https:\/\/tennants.eu\/de\/wp-json\/wp\/v2\/pages\/458\/revisions"}],"predecessor-version":[{"id":704,"href":"https:\/\/tennants.eu\/de\/wp-json\/wp\/v2\/pages\/458\/revisions\/704"}],"wp:attachment":[{"href":"https:\/\/tennants.eu\/de\/wp-json\/wp\/v2\/media?parent=458"}],"curies":[{"name":"wp","href":"https:\/\/api.w.org\/{rel}","templated":true}]}}