{"id":453,"date":"2020-10-13T08:32:15","date_gmt":"2020-10-13T08:32:15","guid":{"rendered":"https:\/\/tennants.eu\/about-us\/history\/"},"modified":"2022-06-15T09:40:13","modified_gmt":"2022-06-15T09:40:13","slug":"history","status":"publish","type":"page","link":"https:\/\/tennants.eu\/de\/about-us\/history\/","title":{"rendered":"Geschichte"},"content":{"rendered":"<section class=\"l-section wpb_row height_large with_img\"><div class=\"l-section-img\" role=\"img\" aria-label=\"Bild\" data-img-width=\"1950\" data-img-height=\"600\" style=\"background-image: url(https:\/\/tennants.eu\/wp-content\/uploads\/2020\/10\/blog-banner.jpg);\"><\/div><div class=\"l-section-h i-cf\"><div class=\"g-cols vc_row via_flex valign_top type_default stacking_default\"><div class=\"vc_col-sm-12 wpb_column vc_column_container\"><div class=\"vc_column-inner\"><div class=\"wpb_wrapper\"><div class=\"wpb_text_column\"><div class=\"wpb_wrapper\"><h1 style=\"text-align: center;\">\u00dcber uns<\/h1>\n<\/div><\/div><\/div><\/div><\/div><\/div><\/div><\/section><section class=\"l-section wpb_row height_medium\"><div class=\"l-section-h i-cf\"><div class=\"g-cols vc_row via_flex valign_top type_default stacking_default\"><div class=\"vc_col-sm-2 wpb_column vc_column_container\"><div class=\"vc_column-inner\"><div class=\"wpb_wrapper\"><\/div><\/div><\/div><div class=\"vc_col-sm-8 wpb_column vc_column_container\"><div class=\"vc_column-inner\"><div class=\"wpb_wrapper\"><div class=\"wpb_text_column\"><div class=\"wpb_wrapper\"><h3 style=\"text-align: center;\">Geschichte<\/h3>\n<\/div><\/div><div class=\"w-image align_center\"><div class=\"w-image-h\"><img decoding=\"async\" width=\"100\" height=\"5\" src=\"https:\/\/tennants.eu\/wp-content\/uploads\/2020\/10\/line.png\" class=\"attachment-large size-large\" alt=\"\" loading=\"lazy\" \/><\/div><\/div><div class=\"wpb_text_column\"><div class=\"wpb_wrapper\"><p style=\"text-align: left;\"><strong>Nach jahrzehntelangem erfolgreichem Vertrieb im Vereinigten K\u00f6nigreich beantragten die Direktoren von Tennants Distribution Ltd (TDL) die Ausweitung ihrer Dienstleistungen auf den Kontinent.<\/strong><\/p>\n<p style=\"text-align: left;\">TDL reagierte darauf mit der Gr\u00fcndung von Unternehmen in den Niederlanden (Charles Tennant BV) und in Frankreich (Charles Tennant Sarl). Die Hertfelder GmbH wurde 1997 \u00fcbernommen.<\/p>\n<p style=\"text-align: left;\">Im Jahr 2001 wurde eine neue europ\u00e4ische Strategie entwickelt, bei der die Unternehmen zu einer aktiven Vertriebsgruppe zusammengefasst wurden. Da bereits produktive Mitarbeiter und effiziente Hardware vorhanden waren, wurde beschlossen, die Verwaltungsaufgaben in Deutschland zu konzentrieren. Die ISO 9000-Zertifizierung wurde 2003 erreicht. Im Jahr 2005 zog Tennants in ein neues B\u00fcro in Bielefeld um, da die Aktivit\u00e4ten in Europa weiter ausgebaut wurden.<\/p>\n<p style=\"text-align: left;\">Um das Wachstum zu erleichtern, wurde unter dem Namen Tennants ein reaktionsschneller neuer Vertriebspartner mit europ\u00e4ischem Schwerpunkt und technischen Marketingmitarbeitern in einer Vielzahl von L\u00e4ndern gegr\u00fcndet. Tennants hat sich zu einem effizienten, angesehenen Partner in der Branche mit einem Team von qualifizierten und erfahrenen Managern entwickelt. Im Jahr 2008 wurde die Minigruppe durch den Erwerb von Rustifrance Sarl erweitert. Nach einer strategischen Umstrukturierung im Jahr 2012 wurde Tennants Sarl die Verantwortung f\u00fcr die Bedienung der s\u00fcdeurop\u00e4ischen M\u00e4rkte neben der traditionellen franz\u00f6sischen Basis \u00fcbertragen.<\/p>\n<p style=\"text-align: left;\">Derzeit sind wir in 15 verschiedenen L\u00e4ndern mit lokalen technischen Marketingvertretern t\u00e4tig, die die Kunden in der jeweiligen Landessprache betreuen.<\/p>\n<\/div><\/div><\/div><\/div><\/div><div class=\"vc_col-sm-2 wpb_column vc_column_container\"><div class=\"vc_column-inner\"><div class=\"wpb_wrapper\"><\/div><\/div><\/div><\/div><\/div><\/section>\n","protected":false},"excerpt":{"rendered":"\u00dcber uns Geschichte Nach jahrzehntelangem erfolgreichem Vertrieb im Vereinigten K\u00f6nigreich beantragten die Direktoren von Tennants Distribution Ltd (TDL) die Ausweitung ihrer Dienstleistungen auf den Kontinent. TDL reagierte darauf mit der Gr\u00fcndung von Unternehmen in den Niederlanden (Charles Tennant BV) und in Frankreich (Charles Tennant Sarl). Die Hertfelder GmbH wurde 1997 \u00fcbernommen. Im Jahr 2001 wurde...","protected":false},"author":1,"featured_media":0,"parent":436,"menu_order":0,"comment_status":"closed","ping_status":"closed","template":"","meta":{"_acf_changed":false,"footnotes":""},"class_list":["post-453","page","type-page","status-publish","hentry"],"acf":[],"_links":{"self":[{"href":"https:\/\/tennants.eu\/de\/wp-json\/wp\/v2\/pages\/453","targetHints":{"allow":["GET"]}}],"collection":[{"href":"https:\/\/tennants.eu\/de\/wp-json\/wp\/v2\/pages"}],"about":[{"href":"https:\/\/tennants.eu\/de\/wp-json\/wp\/v2\/types\/page"}],"author":[{"embeddable":true,"href":"https:\/\/tennants.eu\/de\/wp-json\/wp\/v2\/users\/1"}],"replies":[{"embeddable":true,"href":"https:\/\/tennants.eu\/de\/wp-json\/wp\/v2\/comments?post=453"}],"version-history":[{"count":3,"href":"https:\/\/tennants.eu\/de\/wp-json\/wp\/v2\/pages\/453\/revisions"}],"predecessor-version":[{"id":480,"href":"https:\/\/tennants.eu\/de\/wp-json\/wp\/v2\/pages\/453\/revisions\/480"}],"up":[{"embeddable":true,"href":"https:\/\/tennants.eu\/de\/wp-json\/wp\/v2\/pages\/436"}],"wp:attachment":[{"href":"https:\/\/tennants.eu\/de\/wp-json\/wp\/v2\/media?parent=453"}],"curies":[{"name":"wp","href":"https:\/\/api.w.org\/{rel}","templated":true}]}}