{"id":436,"date":"2020-10-13T08:30:59","date_gmt":"2020-10-13T08:30:59","guid":{"rendered":"https:\/\/tennants.eu\/about-us\/"},"modified":"2022-06-15T09:39:56","modified_gmt":"2022-06-15T09:39:56","slug":"about-us","status":"publish","type":"page","link":"https:\/\/tennants.eu\/de\/about-us\/","title":{"rendered":"\u00dcber uns"},"content":{"rendered":"<section class=\"l-section wpb_row height_large with_img\"><div class=\"l-section-img\" role=\"img\" aria-label=\"Bild\" data-img-width=\"1950\" data-img-height=\"600\" style=\"background-image: url(https:\/\/tennants.eu\/wp-content\/uploads\/2020\/10\/blog-banner.jpg);\"><\/div><div class=\"l-section-h i-cf\"><div class=\"g-cols vc_row via_flex valign_top type_default stacking_default\"><div class=\"vc_col-sm-12 wpb_column vc_column_container\"><div class=\"vc_column-inner\"><div class=\"wpb_wrapper\"><div class=\"wpb_text_column\"><div class=\"wpb_wrapper\"><h1 style=\"text-align: center;\">\u00dcber uns<\/h1>\n<\/div><\/div><\/div><\/div><\/div><\/div><\/div><\/section><section class=\"l-section wpb_row height_medium\"><div class=\"l-section-h i-cf\"><div class=\"g-cols vc_row via_flex valign_top type_default stacking_default\"><div class=\"vc_col-sm-2 wpb_column vc_column_container\"><div class=\"vc_column-inner\"><div class=\"wpb_wrapper\"><\/div><\/div><\/div><div class=\"vc_col-sm-8 wpb_column vc_column_container\"><div class=\"vc_column-inner\"><div class=\"wpb_wrapper\"><div class=\"wpb_text_column\"><div class=\"wpb_wrapper\"><h3 style=\"text-align: center;\">\u00dcberblick<\/h3>\n<\/div><\/div><div class=\"w-image align_center\"><div class=\"w-image-h\"><img decoding=\"async\" width=\"100\" height=\"5\" src=\"https:\/\/tennants.eu\/wp-content\/uploads\/2020\/10\/line.png\" class=\"attachment-large size-large\" alt=\"\" loading=\"lazy\" \/><\/div><\/div><div class=\"wpb_text_column\"><div class=\"wpb_wrapper\"><p style=\"text-align: left;\"><strong>Die Tennant-Gruppe ist ein 1797 gegr\u00fcndetes Familienunternehmen. Heute sind ihre Tochtergesellschaften weltweit in den Bereichen Produktion, Vertrieb und Investitionen t\u00e4tig.<\/strong><\/p>\n<p style=\"text-align: left;\">Die europ\u00e4ischen Vertriebsgesellschaften sind Teil der Tennant-Gruppe und befinden sich vollst\u00e4ndig im Besitz von Tennants Distribution Ltd, einer Tochtergesellschaft von Tennants Consolidated Ltd, der in London ans\u00e4ssigen Muttergesellschaft.<\/p>\n<p style=\"text-align: left;\">Der Gro\u00dfteil der Produkte im Tennants-Portfolio k\u00f6nnen sofortige L\u00f6sungen f\u00fcr Leistungsprobleme Ihrer Formulierungen oder Produkte bieten. Unsere qualifizierten Mitarbeiter stehen Ihnen zur Verf\u00fcgung, um Sie bei der Entwicklung neuer oder der Verbesserung bestehender Formulierungen zu unterst\u00fctzen. Und schlie\u00dflich kann Tennants auch Ihre logistischen Anforderungen erf\u00fcllen.<\/p>\n<p style=\"text-align: left;\">Tennants ist ein europ\u00e4ischer Distributor von chemischen Spezialit\u00e4ten f\u00fcr die polymerherstellende und -verarbeitende Industrie. Dazu geh\u00f6ren Oberfl\u00e4chenbeschichtungen und Druckfarben, Kunststoffe, Klebstoffe, Textilien und Baumaterialien.<\/p>\n<\/div><\/div><\/div><\/div><\/div><div class=\"vc_col-sm-2 wpb_column vc_column_container\"><div class=\"vc_column-inner\"><div class=\"wpb_wrapper\"><\/div><\/div><\/div><\/div><\/div><\/section>\n","protected":false},"excerpt":{"rendered":"\u00dcber uns \u00dcberblick Die Tennant-Gruppe ist ein 1797 gegr\u00fcndetes Familienunternehmen. Heute sind ihre Tochtergesellschaften weltweit in den Bereichen Produktion, Vertrieb und Investitionen t\u00e4tig. Die europ\u00e4ischen Vertriebsgesellschaften sind Teil der Tennant-Gruppe und befinden sich vollst\u00e4ndig im Besitz von Tennants Distribution Ltd, einer Tochtergesellschaft von Tennants Consolidated Ltd, der in London ans\u00e4ssigen Muttergesellschaft. Der Gro\u00dfteil der Produkte...","protected":false},"author":1,"featured_media":0,"parent":0,"menu_order":20,"comment_status":"closed","ping_status":"closed","template":"","meta":{"_acf_changed":false,"footnotes":""},"class_list":["post-436","page","type-page","status-publish","hentry"],"acf":[],"_links":{"self":[{"href":"https:\/\/tennants.eu\/de\/wp-json\/wp\/v2\/pages\/436","targetHints":{"allow":["GET"]}}],"collection":[{"href":"https:\/\/tennants.eu\/de\/wp-json\/wp\/v2\/pages"}],"about":[{"href":"https:\/\/tennants.eu\/de\/wp-json\/wp\/v2\/types\/page"}],"author":[{"embeddable":true,"href":"https:\/\/tennants.eu\/de\/wp-json\/wp\/v2\/users\/1"}],"replies":[{"embeddable":true,"href":"https:\/\/tennants.eu\/de\/wp-json\/wp\/v2\/comments?post=436"}],"version-history":[{"count":5,"href":"https:\/\/tennants.eu\/de\/wp-json\/wp\/v2\/pages\/436\/revisions"}],"predecessor-version":[{"id":479,"href":"https:\/\/tennants.eu\/de\/wp-json\/wp\/v2\/pages\/436\/revisions\/479"}],"wp:attachment":[{"href":"https:\/\/tennants.eu\/de\/wp-json\/wp\/v2\/media?parent=436"}],"curies":[{"name":"wp","href":"https:\/\/api.w.org\/{rel}","templated":true}]}}