{"id":434,"date":"2020-10-13T08:21:37","date_gmt":"2020-10-13T08:21:37","guid":{"rendered":"https:\/\/tennants.eu\/home\/"},"modified":"2022-08-08T13:22:54","modified_gmt":"2022-08-08T13:22:54","slug":"home","status":"publish","type":"page","link":"https:\/\/tennants.eu\/de\/","title":{"rendered":"Home"},"content":{"rendered":"<section class=\"l-section wpb_row height_medium full_height valign_center color_alternate with_img\"><div class=\"l-section-img\" role=\"img\" aria-label=\"Bild\" data-img-width=\"2000\" data-img-height=\"1106\" style=\"background-image: url(https:\/\/tennants.eu\/wp-content\/uploads\/2021\/01\/tennants-home.jpg);\"><\/div><div class=\"l-section-overlay\" style=\"background:rgba(43,78,112,0.70)\"><\/div><div class=\"l-section-h i-cf\"><div class=\"g-cols vc_row via_flex valign_middle type_default stacking_default\"><div class=\"vc_col-sm-12 wpb_column vc_column_container\"><div class=\"vc_column-inner\"><div class=\"wpb_wrapper\"><div class=\"wpb_text_column\"><div class=\"wpb_wrapper\"><h2 style=\"text-align: center;\">Chemie f\u00fcr bessere Qualit\u00e4t!<\/h2>\n<\/div><\/div><div class=\"wpb_text_column us_custom_c96a8a09\"><div class=\"wpb_wrapper\"><p style=\"text-align: center;\">Tennants ist ein Anbieter einer Vielzahl von Chemikalien, die in Formulierungen f\u00fcr Beschichtungen, Druckfarben, Klebstoffe, Kunststoffe, Textilien und Baumaterialien verwendet werden.<\/p>\n<\/div><\/div><\/div><\/div><\/div><\/div><\/div><\/section><section class=\"l-section wpb_row height_medium\"><div class=\"l-section-h i-cf\"><div class=\"g-cols vc_row via_flex valign_top type_default stacking_default\"><div class=\"vc_col-sm-12 wpb_column vc_column_container\"><div class=\"vc_column-inner\"><div class=\"wpb_wrapper\"><div class=\"wpb_text_column\"><div class=\"wpb_wrapper\"><h3 style=\"text-align: center;\">W\u00e4hlen Sie einen Anwendungsbereich<\/h3>\n<\/div><\/div><div class=\"w-image align_center\"><div class=\"w-image-h\"><img decoding=\"async\" width=\"100\" height=\"5\" src=\"https:\/\/tennants.eu\/wp-content\/uploads\/2020\/10\/line.png\" class=\"attachment-large size-large\" alt=\"\" loading=\"lazy\" \/><\/div><\/div><div class=\"g-cols wpb_row via_flex valign_top type_default stacking_default\"><div class=\"vc_col-sm-1\/5 wpb_column vc_column_container\"><div class=\"vc_column-inner\"><div class=\"wpb_wrapper\"><div class=\"w-image align_none\"><a href=\"https:\/\/tennants.eu\/products\/?filter_category=coatings\" aria-label=\"character-paint\" class=\"w-image-h\"><img decoding=\"async\" width=\"300\" height=\"300\" src=\"https:\/\/tennants.eu\/wp-content\/uploads\/2020\/10\/character-paint.png\" class=\"attachment-large size-large\" alt=\"\" loading=\"lazy\" srcset=\"https:\/\/tennants.eu\/wp-content\/uploads\/2020\/10\/character-paint.png 300w, https:\/\/tennants.eu\/wp-content\/uploads\/2020\/10\/character-paint-150x150.png 150w\" sizes=\"auto, (max-width: 300px) 100vw, 300px\" \/><\/a><\/div><div class=\"wpb_text_column\"><div class=\"wpb_wrapper\"><h4 style=\"text-align: center;\">Beschichtungen<\/h4>\n<\/div><\/div><\/div><\/div><\/div><div class=\"vc_col-sm-1\/5 wpb_column vc_column_container\"><div class=\"vc_column-inner\"><div class=\"wpb_wrapper\"><div class=\"w-image align_none\"><a href=\"https:\/\/tennants.eu\/products\/?filter_category=building-materials\" aria-label=\"character-building\" class=\"w-image-h\"><img decoding=\"async\" width=\"300\" height=\"300\" src=\"https:\/\/tennants.eu\/wp-content\/uploads\/2020\/10\/character-building.png\" class=\"attachment-large size-large\" alt=\"\" loading=\"lazy\" srcset=\"https:\/\/tennants.eu\/wp-content\/uploads\/2020\/10\/character-building.png 300w, https:\/\/tennants.eu\/wp-content\/uploads\/2020\/10\/character-building-150x150.png 150w\" sizes=\"auto, (max-width: 300px) 100vw, 300px\" \/><\/a><\/div><div class=\"wpb_text_column\"><div class=\"wpb_wrapper\"><h4 style=\"text-align: center;\">Baumaterialien<\/h4>\n<\/div><\/div><\/div><\/div><\/div><div class=\"vc_col-sm-1\/5 wpb_column vc_column_container\"><div class=\"vc_column-inner\"><div class=\"wpb_wrapper\"><div class=\"w-image align_none\"><a href=\"https:\/\/tennants.eu\/products\/?filter_category=adhesives\" aria-label=\"character-sticky\" class=\"w-image-h\"><img decoding=\"async\" width=\"300\" height=\"300\" src=\"https:\/\/tennants.eu\/wp-content\/uploads\/2020\/10\/character-sticky.png\" class=\"attachment-large size-large\" alt=\"\" loading=\"lazy\" srcset=\"https:\/\/tennants.eu\/wp-content\/uploads\/2020\/10\/character-sticky.png 300w, https:\/\/tennants.eu\/wp-content\/uploads\/2020\/10\/character-sticky-150x150.png 150w\" sizes=\"auto, (max-width: 300px) 100vw, 300px\" \/><\/a><\/div><div class=\"wpb_text_column\"><div class=\"wpb_wrapper\"><h4 style=\"text-align: center;\">Klebstoffe<\/h4>\n<\/div><\/div><\/div><\/div><\/div><div class=\"vc_col-sm-1\/5 wpb_column vc_column_container\"><div class=\"vc_column-inner\"><div class=\"wpb_wrapper\"><div class=\"w-image align_none\"><a href=\"https:\/\/tennants.eu\/products\/?filter_category=plastic-textiles\" aria-label=\"character-needle\" class=\"w-image-h\"><img decoding=\"async\" width=\"300\" height=\"300\" src=\"https:\/\/tennants.eu\/wp-content\/uploads\/2020\/10\/character-needle.png\" class=\"attachment-large size-large\" alt=\"\" loading=\"lazy\" srcset=\"https:\/\/tennants.eu\/wp-content\/uploads\/2020\/10\/character-needle.png 300w, https:\/\/tennants.eu\/wp-content\/uploads\/2020\/10\/character-needle-150x150.png 150w\" sizes=\"auto, (max-width: 300px) 100vw, 300px\" \/><\/a><\/div><div class=\"wpb_text_column\"><div class=\"wpb_wrapper\"><h4 style=\"text-align: center;\">Kunststoffe &amp; Textilien<\/h4>\n<\/div><\/div><\/div><\/div><\/div><div class=\"vc_col-sm-1\/5 wpb_column vc_column_container\"><div class=\"vc_column-inner\"><div class=\"wpb_wrapper\"><div class=\"w-image align_none\"><a href=\"https:\/\/tennants.eu\/products\/?filter_category=inks\" aria-label=\"character-draw-1\" class=\"w-image-h\"><img decoding=\"async\" width=\"300\" height=\"300\" src=\"https:\/\/tennants.eu\/wp-content\/uploads\/2020\/10\/character-draw-1.png\" class=\"attachment-large size-large\" alt=\"\" loading=\"lazy\" srcset=\"https:\/\/tennants.eu\/wp-content\/uploads\/2020\/10\/character-draw-1.png 300w, https:\/\/tennants.eu\/wp-content\/uploads\/2020\/10\/character-draw-1-150x150.png 150w\" sizes=\"auto, (max-width: 300px) 100vw, 300px\" \/><\/a><\/div><div class=\"wpb_text_column\"><div class=\"wpb_wrapper\"><h4 style=\"text-align: center;\">Druckfarben<\/h4>\n<\/div><\/div><\/div><\/div><\/div><\/div><\/div><\/div><\/div><\/div><\/div><\/section><section class=\"l-section wpb_row us_custom_0d15be52 height_medium\"><div class=\"l-section-h i-cf\"><div class=\"g-cols vc_row via_flex valign_top type_default stacking_default\"><div class=\"vc_col-sm-12 wpb_column vc_column_container\"><div class=\"vc_column-inner\"><div class=\"wpb_wrapper\"><div class=\"wpb_text_column\"><div class=\"wpb_wrapper\"><h3 style=\"text-align: center;\">Spezielle Dienstleistungen<\/h3>\n<\/div><\/div><div class=\"w-image align_center\"><div class=\"w-image-h\"><img decoding=\"async\" width=\"100\" height=\"5\" src=\"https:\/\/tennants.eu\/wp-content\/uploads\/2020\/10\/line.png\" class=\"attachment-large size-large\" alt=\"\" loading=\"lazy\" \/><\/div><\/div><div class=\"wpb_text_column\"><div class=\"wpb_wrapper\"><div class=\"fusion-text\">\n<p style=\"text-align: center;\">Tennants ist ein europ\u00e4ischer Distributor von chemischen Spezialit\u00e4ten f\u00fcr die polymerherstellende und -verarbeitende Industrie.<\/p>\n<\/div>\n<\/div><\/div><div class=\"g-cols wpb_row via_flex valign_top type_default stacking_default\" style=\"--additional-gap:1.5rem;\"><div class=\"vc_col-sm-4 wpb_column vc_column_container has_bg_color\"><div class=\"vc_column-inner us_custom_ded29799\"><div class=\"wpb_wrapper\"><div class=\"w-iconbox iconpos_top style_default color_secondary align_center\"><div class=\"w-iconbox-icon\" style=\"font-size:70px;\"><i class=\"fas fa-globe\"><\/i><\/div><div class=\"w-iconbox-meta\"><h4 class=\"w-iconbox-title\" style=\"font-size:1.5em;\">Vermarktung<\/h4><div class=\"w-iconbox-text\"><p>Tennants ist der ideale Partner, wenn Sie keine Vertriebs- und Marketing-organisation in der EU haben. Wir k\u00f6nnen Ihnen helfen, Ihr Produkt vom Labor zu jedem europ\u00e4ischen Kunden zu bringen.<\/p>\n<\/div><\/div><\/div><div class=\"w-separator size_custom\" style=\"height:20px\"><\/div><div class=\"w-btn-wrapper align_center\"><a class=\"w-btn us-btn-style_1\" title=\"About us\" href=\"https:\/\/tennants.eu\/de\/about-us\/\"><span class=\"w-btn-label\">Mehr erfahren<\/span><\/a><\/div><\/div><\/div><\/div><div class=\"vc_col-sm-4 wpb_column vc_column_container has_bg_color\"><div class=\"vc_column-inner us_custom_ded29799\"><div class=\"wpb_wrapper\"><div class=\"w-iconbox iconpos_top style_default color_secondary align_center\"><div class=\"w-iconbox-icon\" style=\"font-size:70px;\"><i class=\"far fa-gem\"><\/i><\/div><div class=\"w-iconbox-meta\"><h4 class=\"w-iconbox-title\" style=\"font-size:1.5rem;\">Beratung<\/h4><div class=\"w-iconbox-text\"><p>Tennants ist in der Lage, Ihre neuen Ideen zu unterst\u00fctzen. Unser Fachwissen unterst\u00fctzt Sie bei der Umsetzung neuer Ideen durch die Entwicklung von Formulierungen f\u00fcr Ihre Produkte.<\/p>\n<\/div><\/div><\/div><div class=\"w-separator size_custom\" style=\"height:20px\"><\/div><div class=\"w-btn-wrapper align_center\"><a class=\"w-btn us-btn-style_1\" title=\"About us\" href=\"https:\/\/tennants.eu\/de\/about-us\/strategy\/\"><span class=\"w-btn-label\">Mehr erfahren<\/span><\/a><\/div><\/div><\/div><\/div><div class=\"vc_col-sm-4 wpb_column vc_column_container has_bg_color\"><div class=\"vc_column-inner us_custom_ded29799\"><div class=\"wpb_wrapper\"><div class=\"w-iconbox iconpos_top style_default color_secondary align_center\"><div class=\"w-iconbox-icon\" style=\"font-size:70px;\"><i class=\"far fa-chart-line\"><\/i><\/div><div class=\"w-iconbox-meta\"><h4 class=\"w-iconbox-title\" style=\"font-size:1.5rem;\">Spezialit\u00e4tengesch\u00e4ft<\/h4><div class=\"w-iconbox-text\"><p>Unser Angebot umfasst Biozide, Amino-Vernetzer, Epoxidharze und H\u00e4rter, Acrylperlen, PVC-Stabilisatoren, Katalysatoren, UV-aktive Harze f\u00fcr den Druck.<\/p>\n<\/div><\/div><\/div><div class=\"w-separator size_custom\" style=\"height:20px\"><\/div><div class=\"w-btn-wrapper align_center\"><a class=\"w-btn us-btn-style_1\" title=\"About us\" href=\"https:\/\/tennants.eu\/de\/products\/\"><span class=\"w-btn-label\">Mehr erfahren<\/span><\/a><\/div><\/div><\/div><\/div><\/div><\/div><\/div><\/div><\/div><\/div><\/section><section class=\"l-section wpb_row height_medium\"><div class=\"l-section-h i-cf\"><div class=\"g-cols vc_row via_flex valign_top type_default stacking_default\"><div class=\"vc_col-sm-12 wpb_column vc_column_container\"><div class=\"vc_column-inner\"><div class=\"wpb_wrapper\"><div class=\"wpb_text_column\"><div class=\"wpb_wrapper\"><h3 style=\"text-align: center;\">Unsere Partner<\/h3>\n<\/div><\/div><div class=\"w-image align_center\"><div class=\"w-image-h\"><img decoding=\"async\" width=\"100\" height=\"5\" src=\"https:\/\/tennants.eu\/wp-content\/uploads\/2020\/10\/line.png\" class=\"attachment-large size-large\" alt=\"\" loading=\"lazy\" \/><\/div><\/div><div class=\"w-grid us_carousel type_carousel layout_118 overflow_hidden preload_style_spinner items_4\" id=\"us_grid_1\" style=\"--items:4;--gap:1.5rem;\"><style>.layout_118 .w-grid-item-h{background:var(--color-content-bg);color:var(--color-content-text);box-shadow:0 0rem 0rem rgba(0,0,0,0.1),0 0rem 0rem rgba(0,0,0,0.1);transition-duration:0.3s}.no-touch .layout_118 .w-grid-item-h:hover{box-shadow:0 0.15rem 0.3rem rgba(0,0,0,0.1),0 0.5rem 1.5rem rgba(0,0,0,0.15);z-index:4}.layout_118 .usg_vwrapper_1{padding:1.5rem 2.5rem 2.5rem 2.5rem!important}<\/style><div class=\"w-grid-list owl-carousel valign_stretch dotstyle_circle navstyle_circle arrows-ver-pos_middle arrows-hor-pos_on_sides_outside arrows-disabled_hide owl-responsive-2000 with_dots with_arrows\" style=\"--transition-duration:350ms;--arrows-size:1.5rem;--arrows-hor-offset:calc(0px + 1.5rem);--arrows-gap:10px;\">\t<article class=\"w-grid-item post-574 partners type-partners status-publish has-post-thumbnail hentry\" data-id=\"574\">\r\n\t\t<div class=\"w-grid-item-h\">\r\n\t\t\t\t\t\t<div class=\"w-vwrapper usg_vwrapper_1 align_center valign_middle\"><div class=\"w-post-elm post_image usg_post_image_1 stretched\"><a href=\"https:\/\/tennants.eu\/de\/partners\/concentrol\/\" aria-label=\"Concentrol\"><img loading=\"lazy\" decoding=\"async\" width=\"1024\" height=\"770\" src=\"https:\/\/tennants.eu\/wp-content\/uploads\/2020\/10\/concentrol-1-1024x770.png\" class=\"attachment-large size-large wp-post-image\" alt=\"\" srcset=\"https:\/\/tennants.eu\/wp-content\/uploads\/2020\/10\/concentrol-1-1024x770.png 1024w, https:\/\/tennants.eu\/wp-content\/uploads\/2020\/10\/concentrol-1-e1659337091941-300x226.png 300w\" sizes=\"auto, (max-width: 1024px) 100vw, 1024px\" \/><\/a><\/div><\/div>\t\t<\/div>\r\n\t\t\t<\/article>\r\n\t<article class=\"w-grid-item post-575 partners type-partners status-publish has-post-thumbnail hentry\" data-id=\"575\">\r\n\t\t<div class=\"w-grid-item-h\">\r\n\t\t\t\t\t\t<div class=\"w-vwrapper usg_vwrapper_1 align_center valign_middle\"><div class=\"w-post-elm post_image usg_post_image_1 stretched\"><a href=\"https:\/\/tennants.eu\/de\/partners\/dr-dispersions-and-resin\/\" aria-label=\"D&#038;R Dispersions and Resin\"><img loading=\"lazy\" decoding=\"async\" width=\"216\" height=\"105\" src=\"https:\/\/tennants.eu\/wp-content\/uploads\/2020\/10\/cr_logo.jpg\" class=\"attachment-large size-large wp-post-image\" alt=\"\" \/><\/a><\/div><\/div>\t\t<\/div>\r\n\t\t\t<\/article>\r\n\t<article class=\"w-grid-item post-580 partners type-partners status-publish has-post-thumbnail hentry\" data-id=\"580\">\r\n\t\t<div class=\"w-grid-item-h\">\r\n\t\t\t\t\t\t<div class=\"w-vwrapper usg_vwrapper_1 align_center valign_middle\"><div class=\"w-post-elm post_image usg_post_image_1 stretched\"><a href=\"https:\/\/tennants.eu\/de\/partners\/luminultra\/\" aria-label=\"LuminUltra\"><img loading=\"lazy\" decoding=\"async\" width=\"1024\" height=\"259\" src=\"https:\/\/tennants.eu\/wp-content\/uploads\/2020\/10\/logo-luminultra-primary-1024x259.png\" class=\"attachment-large size-large wp-post-image\" alt=\"\" srcset=\"https:\/\/tennants.eu\/wp-content\/uploads\/2020\/10\/logo-luminultra-primary-1024x259.png 1024w, https:\/\/tennants.eu\/wp-content\/uploads\/2020\/10\/logo-luminultra-primary-300x76.png 300w, https:\/\/tennants.eu\/wp-content\/uploads\/2020\/10\/logo-luminultra-primary.png 1465w\" sizes=\"auto, (max-width: 1024px) 100vw, 1024px\" \/><\/a><\/div><\/div>\t\t<\/div>\r\n\t\t\t<\/article>\r\n\t<article class=\"w-grid-item post-581 partners type-partners status-publish has-post-thumbnail hentry\" data-id=\"581\">\r\n\t\t<div class=\"w-grid-item-h\">\r\n\t\t\t\t\t\t<div class=\"w-vwrapper usg_vwrapper_1 align_center valign_middle\"><div class=\"w-post-elm post_image usg_post_image_1 stretched\"><a href=\"https:\/\/tennants.eu\/de\/partners\/lucite\/\" aria-label=\"Mitsubishi Chemical\"><img loading=\"lazy\" decoding=\"async\" width=\"1024\" height=\"276\" src=\"https:\/\/tennants.eu\/wp-content\/uploads\/2020\/10\/1200px-Mitsubishi_Chemical_Logo.svg-1024x276.png\" class=\"attachment-large size-large wp-post-image\" alt=\"\" srcset=\"https:\/\/tennants.eu\/wp-content\/uploads\/2020\/10\/1200px-Mitsubishi_Chemical_Logo.svg-1024x276.png 1024w, https:\/\/tennants.eu\/wp-content\/uploads\/2020\/10\/1200px-Mitsubishi_Chemical_Logo.svg-300x81.png 300w, https:\/\/tennants.eu\/wp-content\/uploads\/2020\/10\/1200px-Mitsubishi_Chemical_Logo.svg.png 1200w\" sizes=\"auto, (max-width: 1024px) 100vw, 1024px\" \/><\/a><\/div><\/div>\t\t<\/div>\r\n\t\t\t<\/article>\r\n\t<article class=\"w-grid-item post-579 partners type-partners status-publish has-post-thumbnail hentry\" data-id=\"579\">\r\n\t\t<div class=\"w-grid-item-h\">\r\n\t\t\t\t\t\t<div class=\"w-vwrapper usg_vwrapper_1 align_center valign_middle\"><div class=\"w-post-elm post_image usg_post_image_1 stretched\"><a href=\"https:\/\/tennants.eu\/de\/partners\/po-int-er\/\" aria-label=\"PO.INT.ER.\"><img loading=\"lazy\" decoding=\"async\" width=\"1024\" height=\"171\" src=\"https:\/\/tennants.eu\/wp-content\/uploads\/2020\/10\/POINTERlogo-1024x171.jpg\" class=\"attachment-large size-large wp-post-image\" alt=\"\" srcset=\"https:\/\/tennants.eu\/wp-content\/uploads\/2020\/10\/POINTERlogo-1024x171.jpg 1024w, https:\/\/tennants.eu\/wp-content\/uploads\/2020\/10\/POINTERlogo-300x50.jpg 300w\" sizes=\"auto, (max-width: 1024px) 100vw, 1024px\" \/><\/a><\/div><\/div>\t\t<\/div>\r\n\t\t\t<\/article>\r\n\t<article class=\"w-grid-item post-577 partners type-partners status-publish has-post-thumbnail hentry\" data-id=\"577\">\r\n\t\t<div class=\"w-grid-item-h\">\r\n\t\t\t\t\t\t<div class=\"w-vwrapper usg_vwrapper_1 align_center valign_middle\"><div class=\"w-post-elm post_image usg_post_image_1 stretched\"><a href=\"https:\/\/tennants.eu\/de\/partners\/sanitized\/\" aria-label=\"Sanitized\"><img loading=\"lazy\" decoding=\"async\" width=\"347\" height=\"351\" src=\"https:\/\/tennants.eu\/wp-content\/uploads\/2020\/10\/saniztized.png\" class=\"attachment-large size-large wp-post-image\" alt=\"\" srcset=\"https:\/\/tennants.eu\/wp-content\/uploads\/2020\/10\/saniztized.png 347w, https:\/\/tennants.eu\/wp-content\/uploads\/2020\/10\/saniztized-297x300.png 297w\" sizes=\"auto, (max-width: 347px) 100vw, 347px\" \/><\/a><\/div><\/div>\t\t<\/div>\r\n\t\t\t<\/article>\r\n\t<article class=\"w-grid-item post-578 partners type-partners status-publish has-post-thumbnail hentry\" data-id=\"578\">\r\n\t\t<div class=\"w-grid-item-h\">\r\n\t\t\t\t\t\t<div class=\"w-vwrapper usg_vwrapper_1 align_center valign_middle\"><div class=\"w-post-elm post_image usg_post_image_1 stretched\"><a href=\"https:\/\/tennants.eu\/de\/partners\/ser\/\" aria-label=\"SER\"><img loading=\"lazy\" decoding=\"async\" width=\"479\" height=\"214\" src=\"https:\/\/tennants.eu\/wp-content\/uploads\/2020\/10\/SER.gif\" class=\"attachment-large size-large wp-post-image\" alt=\"\" \/><\/a><\/div><\/div>\t\t<\/div>\r\n\t\t\t<\/article>\r\n\t<article class=\"w-grid-item post-582 partners type-partners status-publish has-post-thumbnail hentry\" data-id=\"582\">\r\n\t\t<div class=\"w-grid-item-h\">\r\n\t\t\t\t\t\t<div class=\"w-vwrapper usg_vwrapper_1 align_center valign_middle\"><div class=\"w-post-elm post_image usg_post_image_1 stretched\"><a href=\"https:\/\/tennants.eu\/de\/partners\/tennants\/\" aria-label=\"Tennants\"><img loading=\"lazy\" decoding=\"async\" width=\"1024\" height=\"1024\" src=\"https:\/\/tennants.eu\/wp-content\/uploads\/2020\/10\/Tennants-GMBH-LogoKonvertiert-Omgezet-1.svg\" class=\"attachment-large size-large wp-post-image\" alt=\"\" \/><\/a><\/div><\/div>\t\t<\/div>\r\n\t\t\t<\/article>\r\n\t<article class=\"w-grid-item post-576 partners type-partners status-publish has-post-thumbnail hentry\" data-id=\"576\">\r\n\t\t<div class=\"w-grid-item-h\">\r\n\t\t\t\t\t\t<div class=\"w-vwrapper usg_vwrapper_1 align_center valign_middle\"><div class=\"w-post-elm post_image usg_post_image_1 stretched\"><a href=\"https:\/\/tennants.eu\/de\/partners\/tiroxi\/\" aria-label=\"Tiroxi\"><img loading=\"lazy\" decoding=\"async\" width=\"696\" height=\"580\" src=\"https:\/\/tennants.eu\/wp-content\/uploads\/2020\/10\/Tiroxi.jpg\" class=\"attachment-large size-large wp-post-image\" alt=\"\" srcset=\"https:\/\/tennants.eu\/wp-content\/uploads\/2020\/10\/Tiroxi.jpg 696w, https:\/\/tennants.eu\/wp-content\/uploads\/2020\/10\/Tiroxi-300x250.jpg 300w\" sizes=\"auto, (max-width: 696px) 100vw, 696px\" \/><\/a><\/div><\/div>\t\t<\/div>\r\n\t\t\t<\/article>\r\n<\/div><div class=\"w-grid-carousel-json hidden\" onclick='return {&quot;carousel_settings&quot;:{&quot;aria_labels&quot;:{&quot;prev&quot;:&quot;Zur\\u00fcck&quot;,&quot;next&quot;:&quot;Weiter&quot;},&quot;autoplayContinual&quot;:false,&quot;autoplayHoverPause&quot;:false,&quot;autoplayTimeout&quot;:3000,&quot;autoWidth&quot;:false,&quot;smartSpeed&quot;:350,&quot;margin&quot;:0,&quot;mouseDrag&quot;:true,&quot;rtl&quot;:false,&quot;slideBy&quot;:&quot;1&quot;,&quot;touchDrag&quot;:true,&quot;slideTransition&quot;:&quot;&quot;,&quot;responsive&quot;:{&quot;0&quot;:{&quot;autoHeight&quot;:false,&quot;autoplay&quot;:true,&quot;autoWidth&quot;:false,&quot;center&quot;:false,&quot;dots&quot;:true,&quot;items&quot;:1,&quot;loop&quot;:true,&quot;nav&quot;:false,&quot;stagePadding&quot;:0,&quot;slideBy&quot;:&quot;1&quot;},&quot;601&quot;:{&quot;autoHeight&quot;:false,&quot;autoplay&quot;:true,&quot;autoWidth&quot;:false,&quot;center&quot;:false,&quot;dots&quot;:true,&quot;items&quot;:2,&quot;loop&quot;:true,&quot;nav&quot;:true,&quot;stagePadding&quot;:0,&quot;slideBy&quot;:&quot;1&quot;},&quot;1025&quot;:{&quot;autoHeight&quot;:false,&quot;autoplay&quot;:true,&quot;autoWidth&quot;:false,&quot;center&quot;:false,&quot;dots&quot;:true,&quot;items&quot;:3,&quot;loop&quot;:true,&quot;nav&quot;:true,&quot;stagePadding&quot;:0,&quot;slideBy&quot;:&quot;1&quot;},&quot;1381&quot;:{&quot;items&quot;:4,&quot;autoplay&quot;:true,&quot;center&quot;:false,&quot;dots&quot;:true,&quot;nav&quot;:true,&quot;autoHeight&quot;:false,&quot;autoWidth&quot;:false,&quot;loop&quot;:true,&quot;stagePadding&quot;:0}}}}'><\/div><\/div><\/div><\/div><\/div><\/div><\/div><\/section>\n","protected":false},"excerpt":{"rendered":"Inter-China Chemical Co. Ltd. ist ein wissenschaftlich-technisch orientiertes Unternehmen, das sich auf Produkte der TiO2-Industrie konzentriert. Das Hauptgesch\u00e4ft umfasst technologische Forschung und Entwicklung, Technologietransfer, technischen Service und Anwendungstests von chemischen Produkten wie TiO2 und anderen. Sie produzieren, verarbeiten und passen Titanprodukte f\u00fcr Kunden mit strenger Qualit\u00e4tskontrolle an und vermarkten die hervorragenden Produkte strategischer Partner. Sie...","protected":false},"author":1,"featured_media":0,"parent":0,"menu_order":0,"comment_status":"closed","ping_status":"closed","template":"","meta":{"_acf_changed":false,"footnotes":""},"class_list":["post-434","page","type-page","status-publish","hentry"],"acf":[],"_links":{"self":[{"href":"https:\/\/tennants.eu\/de\/wp-json\/wp\/v2\/pages\/434","targetHints":{"allow":["GET"]}}],"collection":[{"href":"https:\/\/tennants.eu\/de\/wp-json\/wp\/v2\/pages"}],"about":[{"href":"https:\/\/tennants.eu\/de\/wp-json\/wp\/v2\/types\/page"}],"author":[{"embeddable":true,"href":"https:\/\/tennants.eu\/de\/wp-json\/wp\/v2\/users\/1"}],"replies":[{"embeddable":true,"href":"https:\/\/tennants.eu\/de\/wp-json\/wp\/v2\/comments?post=434"}],"version-history":[{"count":14,"href":"https:\/\/tennants.eu\/de\/wp-json\/wp\/v2\/pages\/434\/revisions"}],"predecessor-version":[{"id":706,"href":"https:\/\/tennants.eu\/de\/wp-json\/wp\/v2\/pages\/434\/revisions\/706"}],"wp:attachment":[{"href":"https:\/\/tennants.eu\/de\/wp-json\/wp\/v2\/media?parent=434"}],"curies":[{"name":"wp","href":"https:\/\/api.w.org\/{rel}","templated":true}]}}